{"id":10305,"date":"2022-05-26T09:47:14","date_gmt":"2022-05-26T06:47:14","guid":{"rendered":"https:\/\/toreco.md\/?post_type=product&#038;p=10305"},"modified":"2025-05-27T14:47:26","modified_gmt":"2025-05-27T11:47:26","slug":"lavanderia-t-02-surfen-detergent-enzimatic-pentru-tesaturi-rufe","status":"publish","type":"product","link":"https:\/\/toreco.md\/en\/product\/dupa-tip\/detergenti-si-dezinfectanti-profesionali\/textile\/lavanderia-t-02-surfen-detergent-enzimatic-pentru-tesaturi-rufe\/","title":{"rendered":"Lavanderia T-02 Surfen, enzymatic detergent for fabrics"},"content":{"rendered":"<p>Detergent enzimatic \u00eembog\u0103\u021bit cu tensioactivi, recomandat pentru sp\u0103larea manual\u0103 sau automat\u0103 a rufelor albe sau colorate indifrent de tipul de \u021besatur\u0103. Cur\u0103\u021b\u0103 eficient \u0219i \u00een profunzime murd\u0103ria organic\u0103 \u015fi anorganic\u0103 (pete de: kechup, ro\u0219ii, iarb\u0103, ulei, margarin\u0103, vin, cafea, urme de s\u00e2nge etc) f\u0103r\u0103 s\u0103 afecteze fibrele \u021bes\u0103turilor. Sp\u0103l\u0103re excelent\u0103, chiar \u0219i la temperaturi reduse. Forma lichid\u0103 a detergentului garanteaz\u0103 diluarea total\u0103 \u00een ap\u0103, \u00een acest fel evit\u00e2ndu-se depunerile de reziduri de detergent pe \u021bes\u0103turi \u0219i \u00een cuva ma\u0219ini de sp\u0103lat rufe. Recomandat \u0219i pentru sp\u0103larea mopurlor \u015fi al lavetelor. \u00cen cazul petelor vechi persistente se recomand\u0103 pretratarea acestora cu solu\u021biile Clean &#8211; X Sanidet. Produs profesional, citi\u0163i fi\u015fa de siguran\u0163\u0103 \u00eenaintea utiliz\u0103rii produsului. Produs biodegradabil 90%. <\/p>\n<p>SCOPE OF USE: professional laundry, hotel industry, hospitals, health facilities, agri-food industry, textile industry, system Ho.Re.Ca., nursing homes, specialized cleaning companies, etc.<\/p>\n<p>USE: for washing white or colored fabrics: tablecloths, linen, dressing gowns, cloths, towels, rags, laundry and fabrics in general, etc. Effectively and quickly cleans stains: organic and inorganic, oil stains, grease, food, coffee, creams of any type, Vaseline, mud, etc. <\/p>\n<p>DOSAGE: Manual or Automatic Recommended dose in grams per kilogram of dry laundry depending on the degree of soiling: Slightly dirty 4gr \/ kg | Dirty 8gr \/ kg | Very dirty 10 gr \/ kg. The automatic dosing system is the perfect way recommended by the manufacturer for guaranteed efficiency and quality. It can also be used manually. <\/p>\n<p>HOW TO USE: Lavanderia T-02 SURFEN is a professional detergent, it is used manually or automatically. It is used manually for softening, pre-treating and washing fabrics.<\/p>\n<p>Volume: 25kg<\/p>","protected":false},"excerpt":{"rendered":"<p>Enzyme detergent enriched with surfactants, recommended for manual or automatic washing of white or colored laundry regardless of the type of fabric. Efficiently and thoroughly cleanses organic and inorganic dirt (stains of: kechup, tomatoes, grass, oil, margarine, wine, coffee, traces of blood, etc.) without affecting the fibers of the fabrics.<\/p>","protected":false},"featured_media":10306,"comment_status":"closed","ping_status":"closed","template":"","meta":[],"product_cat":[72,45,34,42,44,43,40,46,71],"product_tag":[169],"class_list":["post-10305","product","type-product","status-publish","has-post-thumbnail","hentry","product_cat-textile","product_cat-industria-auto","product_cat-hotel","product_cat-industria-de-producere-si-prelucrare","product_cat-institutii-de-invatamint","product_cat-medicina","product_cat-restaurant-si-bucatarie","product_cat-sport-si-fitness","product_cat-detergenti-si-dezinfectanti-profesionali","product_tag-detergent","pa_brand-sanidet"],"_links":{"self":[{"href":"https:\/\/toreco.md\/en\/wp-json\/wp\/v2\/product\/10305","targetHints":{"allow":["GET"]}}],"collection":[{"href":"https:\/\/toreco.md\/en\/wp-json\/wp\/v2\/product"}],"about":[{"href":"https:\/\/toreco.md\/en\/wp-json\/wp\/v2\/types\/product"}],"replies":[{"embeddable":true,"href":"https:\/\/toreco.md\/en\/wp-json\/wp\/v2\/comments?post=10305"}],"wp:featuredmedia":[{"embeddable":true,"href":"https:\/\/toreco.md\/en\/wp-json\/wp\/v2\/media\/10306"}],"wp:attachment":[{"href":"https:\/\/toreco.md\/en\/wp-json\/wp\/v2\/media?parent=10305"}],"wp:term":[{"taxonomy":"product_cat","embeddable":true,"href":"https:\/\/toreco.md\/en\/wp-json\/wp\/v2\/product_cat?post=10305"},{"taxonomy":"product_tag","embeddable":true,"href":"https:\/\/toreco.md\/en\/wp-json\/wp\/v2\/product_tag?post=10305"}],"curies":[{"name":"wp","href":"https:\/\/api.w.org\/{rel}","templated":true}]}}