{"id":10075,"date":"2022-04-29T13:59:47","date_gmt":"2022-04-29T10:59:47","guid":{"rendered":"https:\/\/toreco.md\/?post_type=product&#038;p=10075"},"modified":"2023-07-21T08:04:47","modified_gmt":"2023-07-21T05:04:47","slug":"dezinfectant-gel-alcool-pentru-maini-s1-1000-ml-premium","status":"publish","type":"product","link":"https:\/\/toreco.md\/en\/product\/dupa-tip\/sapun-si-odorizanti\/dezinfectanti-sapun-antibacterian\/dezinfectant-gel-alcool-pentru-maini-s1-1000-ml-premium\/","title":{"rendered":"Alcohol Gel Hand Sanitiser, S1, 1000 ml, Premium, Tork"},"content":{"rendered":"<p><iframe loading=\"lazy\" width=\"640\" height=\"360\" src=\"https:\/\/www.youtube.com\/embed\/MGXLu-NyBg4\" title=\"[TORECO]: Sapun lichid si spuma Tork - reduce costurile deoarece 1L (Tork) = 5L (sapun obisnuit)\" frameborder=\"0\" allow=\"accelerometer; autoplay; clipboard-write; encrypted-media; gyroscope; picture-in-picture; web-share\" allowfullscreen><\/iframe><\/p>\n<p>Preveni\u021bi infec\u021biile cu un dezinfectant de m\u00e2ini gel Tork extrem de eficient, cu 80% alcool denaturat. Igienizeaz\u0103 \u0219i dezinfecteaz\u0103 rapid m\u00e2inile. Special formulat pentru utilizare frecvent\u0103, dovedit a fi sigur pentru piele \u0219i f\u0103r\u0103 acumulare lipicioas\u0103. Ideal pentru asisten\u021b\u0103 medical\u0103 \u00eendepline\u0219te chiar \u0219i cerin\u021bele camerei de cur\u0103\u021bare. Potrivit pentru dozatoarele de s\u0103pun lichid \u0219i spray Tork, care s-au dovedit a fi u\u0219or de utilizat \u0219i ofer\u0103 o bun\u0103 igien\u0103 a m\u00e2inilor tuturor utilizatorilor. Eficient \u00eempotriva unei variet\u0103\u021bi de organisme problematice &#8211; conform EN 1500, EN 12791 \u0219i EN 14476 (to\u021bi viru\u0219ii \u00eenveli\u021bi, cum ar fi: HIV, SARS, Corona, HBV, HCV, gripa H1N1, H5N1 etc. \u0219i Rotavirus \u0219i Norovirus). Hidrateaz\u0103 pielea f\u0103r\u0103 reziduuri lipicioase. Dovedit bl\u00e2nd \u0219i sigur pentru piele (test independent pe piele in vitro).  Igienic: umplerea etan\u0219\u0103 cu pomp\u0103 de unic\u0103 folosin\u021b\u0103 reduce riscul de contaminare \u00eencruci\u0219at\u0103. \u00centre\u021binere f\u0103r\u0103 efort certificat\u0103 \u0219i reumplere intuitiv\u0103 \u00een mai pu\u021bin de 10 secunde. Sticla este reciclabil\u0103 \u0219i se pliaz\u0103 pe m\u0103sur\u0103 ce con\u021binutul este utilizat, reduc\u00e2nd de\u0219eurile. Utiliza\u021bi biocidele \u00een siguran\u021b\u0103. Citi\u021bi \u00eentotdeauna eticheta \u0219i informa\u021biile despre produs \u00eenainte de utilizare.<\/p>\n<p>System: S1<br \/>\nVolume: 1000 ml<\/p>","protected":false},"excerpt":{"rendered":"<p>Sanitises and disinfects hands quickly. Effective against a variety of problem organisms \u2013 conforms with EN 1500, EN 12791 and EN 14476 (all enveloped viruses, such as: HIV, SARS, Corona, HBV, HCV, influenza H1N1, H5N1 etc., and Rotavirus and Norovirus).<\/p>","protected":false},"featured_media":10076,"comment_status":"closed","ping_status":"closed","template":"","meta":[],"product_cat":[85,45,34,42,44,43,40,41,46,83],"product_tag":[150],"class_list":["post-10075","product","type-product","status-publish","has-post-thumbnail","hentry","product_cat-dezinfectanti-sapun-antibacterian","product_cat-industria-auto","product_cat-hotel","product_cat-industria-de-producere-si-prelucrare","product_cat-institutii-de-invatamint","product_cat-medicina","product_cat-restaurant-si-bucatarie","product_cat-servicii-de-curatenie","product_cat-sport-si-fitness","product_cat-sapun-si-odorizanti","product_tag-dezinfectant-pentru-maini","pa_brand-tork"],"_links":{"self":[{"href":"https:\/\/toreco.md\/en\/wp-json\/wp\/v2\/product\/10075","targetHints":{"allow":["GET"]}}],"collection":[{"href":"https:\/\/toreco.md\/en\/wp-json\/wp\/v2\/product"}],"about":[{"href":"https:\/\/toreco.md\/en\/wp-json\/wp\/v2\/types\/product"}],"replies":[{"embeddable":true,"href":"https:\/\/toreco.md\/en\/wp-json\/wp\/v2\/comments?post=10075"}],"wp:featuredmedia":[{"embeddable":true,"href":"https:\/\/toreco.md\/en\/wp-json\/wp\/v2\/media\/10076"}],"wp:attachment":[{"href":"https:\/\/toreco.md\/en\/wp-json\/wp\/v2\/media?parent=10075"}],"wp:term":[{"taxonomy":"product_cat","embeddable":true,"href":"https:\/\/toreco.md\/en\/wp-json\/wp\/v2\/product_cat?post=10075"},{"taxonomy":"product_tag","embeddable":true,"href":"https:\/\/toreco.md\/en\/wp-json\/wp\/v2\/product_tag?post=10075"}],"curies":[{"name":"wp","href":"https:\/\/api.w.org\/{rel}","templated":true}]}}